{"id":2463,"date":"2026-05-11T22:45:27","date_gmt":"2026-05-11T20:45:27","guid":{"rendered":"https:\/\/www.sv-eintracht-gransee.de\/?page_id=2463"},"modified":"2026-05-12T17:37:45","modified_gmt":"2026-05-12T15:37:45","slug":"maedchen-ag","status":"publish","type":"page","link":"https:\/\/www.sv-eintracht-gransee.de\/?page_id=2463","title":{"rendered":"M\u00e4dchen AG"},"content":{"rendered":"\r\n<div class=\"wp-block-group has-light-gray-background-color has-background is-layout-constrained wp-container-core-group-is-layout-81115059 wp-block-group-is-layout-constrained\" style=\"padding: 25px;\">\r\n<h2 class=\"wp-block-heading\"><img loading=\"lazy\" decoding=\"async\" class=\"alignnone size-full wp-image-2584\" src=\"https:\/\/www.sv-eintracht-gransee.de\/wp-content\/uploads\/2026\/05\/WhatsApp-Image-2026-05-12-at-5.25.48-PM.jpeg\" alt=\"\" width=\"2048\" height=\"2048\" srcset=\"https:\/\/www.sv-eintracht-gransee.de\/wp-content\/uploads\/2026\/05\/WhatsApp-Image-2026-05-12-at-5.25.48-PM.jpeg 2048w, https:\/\/www.sv-eintracht-gransee.de\/wp-content\/uploads\/2026\/05\/WhatsApp-Image-2026-05-12-at-5.25.48-PM-300x300.jpeg 300w, https:\/\/www.sv-eintracht-gransee.de\/wp-content\/uploads\/2026\/05\/WhatsApp-Image-2026-05-12-at-5.25.48-PM-1024x1024.jpeg 1024w, https:\/\/www.sv-eintracht-gransee.de\/wp-content\/uploads\/2026\/05\/WhatsApp-Image-2026-05-12-at-5.25.48-PM-150x150.jpeg 150w, https:\/\/www.sv-eintracht-gransee.de\/wp-content\/uploads\/2026\/05\/WhatsApp-Image-2026-05-12-at-5.25.48-PM-768x768.jpeg 768w, https:\/\/www.sv-eintracht-gransee.de\/wp-content\/uploads\/2026\/05\/WhatsApp-Image-2026-05-12-at-5.25.48-PM-1536x1536.jpeg 1536w\" sizes=\"auto, (max-width: 2048px) 100vw, 2048px\" \/><\/h2>\r\n<h2 class=\"wp-block-heading has-text-align-center\">M\u00e4dchen AG Fu\u00dfball<\/h2>\r\n\r\n\r\n\r\n<p>Seit der Saison <strong>2025\/2026<\/strong> bieten wir gemeinsam mit der <strong>Stadtschule Gransee<\/strong> eine M\u00e4dchen AG an.<\/p>\r\n\r\n\r\n\r\n<p>Der SV Eintracht Gransee m\u00f6chte damit seinen Beitrag leisten, den M\u00e4dchen- und Frauenfu\u00dfball in der Region nachhaltig zu st\u00e4rken und jungen Spielerinnen den Einstieg in den Fu\u00dfball zu erm\u00f6glichen.<\/p>\r\n\r\n\r\n\r\n<p>Mitmachen k\u00f6nnen alle Sch\u00fclerinnen der <strong>1. bis 3. Klasse<\/strong> der Stadtschule Gransee.<\/p>\r\n\r\n\r\n\r\n<p><strong>Trainingszeit:<\/strong><br \/>Donnerstag von 14:00 Uhr bis 15:30 Uhr<\/p>\r\n\r\n\r\n\r\n<p><strong>Kontakt bei Interesse:<\/strong><br \/>Tom Scharf<br \/><a href=\"tel:+4917643463983\">0176 43 46 39 83<\/a><\/p>\r\n<\/div>\r\n","protected":false},"excerpt":{"rendered":"<p>M\u00e4dchen AG Fu\u00dfball Seit der Saison 2025\/2026 bieten wir gemeinsam mit der Stadtschule Gransee eine M\u00e4dchen AG an. Der SV Eintracht Gransee m\u00f6chte damit seinen Beitrag leisten, den M\u00e4dchen- und Frauenfu\u00dfball in der Region nachhaltig zu st\u00e4rken und jungen Spielerinnen den Einstieg in den Fu\u00dfball zu erm\u00f6glichen. Mitmachen k\u00f6nnen alle Sch\u00fclerinnen der 1. bis 3. [&hellip;]<\/p>\n","protected":false},"author":1,"featured_media":0,"parent":0,"menu_order":0,"comment_status":"closed","ping_status":"closed","template":"","meta":{"site-sidebar-layout":"default","site-content-layout":"","ast-site-content-layout":"default","site-content-style":"default","site-sidebar-style":"default","ast-global-header-display":"","ast-banner-title-visibility":"","ast-main-header-display":"","ast-hfb-above-header-display":"","ast-hfb-below-header-display":"","ast-hfb-mobile-header-display":"","site-post-title":"","ast-breadcrumbs-content":"","ast-featured-img":"","footer-sml-layout":"","ast-disable-related-posts":"","theme-transparent-header-meta":"default","adv-header-id-meta":"","stick-header-meta":"","header-above-stick-meta":"","header-main-stick-meta":"","header-below-stick-meta":"","astra-migrate-meta-layouts":"set","ast-page-background-enabled":"default","ast-page-background-meta":{"desktop":{"background-color":"var(--ast-global-color-5)","background-image":"","background-repeat":"repeat","background-position":"center center","background-size":"auto","background-attachment":"scroll","background-type":"","background-media":"","overlay-type":"","overlay-color":"","overlay-opacity":"","overlay-gradient":""},"tablet":{"background-color":"","background-image":"","background-repeat":"repeat","background-position":"center center","background-size":"auto","background-attachment":"scroll","background-type":"","background-media":"","overlay-type":"","overlay-color":"","overlay-opacity":"","overlay-gradient":""},"mobile":{"background-color":"","background-image":"","background-repeat":"repeat","background-position":"center center","background-size":"auto","background-attachment":"scroll","background-type":"","background-media":"","overlay-type":"","overlay-color":"","overlay-opacity":"","overlay-gradient":""}},"ast-content-background-meta":{"desktop":{"background-color":"var(--ast-global-color-4)","background-image":"","background-repeat":"repeat","background-position":"center center","background-size":"auto","background-attachment":"scroll","background-type":"","background-media":"","overlay-type":"","overlay-color":"","overlay-opacity":"","overlay-gradient":""},"tablet":{"background-color":"var(--ast-global-color-4)","background-image":"","background-repeat":"repeat","background-position":"center center","background-size":"auto","background-attachment":"scroll","background-type":"","background-media":"","overlay-type":"","overlay-color":"","overlay-opacity":"","overlay-gradient":""},"mobile":{"background-color":"var(--ast-global-color-4)","background-image":"","background-repeat":"repeat","background-position":"center center","background-size":"auto","background-attachment":"scroll","background-type":"","background-media":"","overlay-type":"","overlay-color":"","overlay-opacity":"","overlay-gradient":""}},"footnotes":""},"class_list":["post-2463","page","type-page","status-publish","hentry"],"_links":{"self":[{"href":"https:\/\/www.sv-eintracht-gransee.de\/index.php?rest_route=\/wp\/v2\/pages\/2463","targetHints":{"allow":["GET"]}}],"collection":[{"href":"https:\/\/www.sv-eintracht-gransee.de\/index.php?rest_route=\/wp\/v2\/pages"}],"about":[{"href":"https:\/\/www.sv-eintracht-gransee.de\/index.php?rest_route=\/wp\/v2\/types\/page"}],"author":[{"embeddable":true,"href":"https:\/\/www.sv-eintracht-gransee.de\/index.php?rest_route=\/wp\/v2\/users\/1"}],"replies":[{"embeddable":true,"href":"https:\/\/www.sv-eintracht-gransee.de\/index.php?rest_route=%2Fwp%2Fv2%2Fcomments&post=2463"}],"version-history":[{"count":3,"href":"https:\/\/www.sv-eintracht-gransee.de\/index.php?rest_route=\/wp\/v2\/pages\/2463\/revisions"}],"predecessor-version":[{"id":2585,"href":"https:\/\/www.sv-eintracht-gransee.de\/index.php?rest_route=\/wp\/v2\/pages\/2463\/revisions\/2585"}],"wp:attachment":[{"href":"https:\/\/www.sv-eintracht-gransee.de\/index.php?rest_route=%2Fwp%2Fv2%2Fmedia&parent=2463"}],"curies":[{"name":"wp","href":"https:\/\/api.w.org\/{rel}","templated":true}]}}