{"id":727,"date":"2015-12-06T12:48:05","date_gmt":"2015-12-06T10:48:05","guid":{"rendered":"http:\/\/www.sv-eintracht-gransee.de\/?page_id=727"},"modified":"2026-05-12T20:59:55","modified_gmt":"2026-05-12T18:59:55","slug":"vorwort","status":"publish","type":"page","link":"https:\/\/www.sv-eintracht-gransee.de\/?page_id=727","title":{"rendered":"Vorwort"},"content":{"rendered":"<p style=\"text-align: center;\"><strong><span style=\"text-decoration: underline;\">Anmerkungen des Autors<\/span><\/strong><\/p>\n<p style=\"text-align: center;\"><em>Vergangenes ist es Wert,<\/em><br \/>\n<em> f\u00fcr die nach der Zeit Lebenden und Lesenden,<\/em><br \/>\n<em> das Zeugnis des Erlebten nieder zuschreiben.<\/em><\/p>\n<p style=\"text-align: center;\"><em>Denn durch das Erlebte,<\/em><br \/>\n<em>was der Leser dieser Chronik erf\u00e4hrt,<\/em><br \/>\n<em>kann das Vergangene eine Erfahrung werden.<\/em><\/p>\n<hr style=\"margin:40px 0;\" \/>\n<div style=\"max-width:950px;margin:0 auto;line-height:1.9;\">\n<p style=\"text-align:justify;\">\nGrundvoraussetzung f\u00fcr das Entstehen der chronologischen Aufarbeitung der Vereinsgeschichte der Jahre 1920 bis heute waren neben Zielstrebigkeit und Ausdauer vor allem umfangreiche Recherchen. Ereignisse sowie Aktivit\u00e4ten der integrierten Gruppen und Clubs im Sportverein beanspruchten dabei die besondere Aufmerksamkeit des Autors. Der Inhalt dieser Schrift kann dennoch keinen Anspruch auf vollst\u00e4ndige Erfassung aller Ereignisse erheben.\n<\/p>\n<p style=\"text-align:justify;\">\nDenn eine hundertprozentige Aufarbeitung aller Geschehnisse ist nach Ablauf der Zeit kaum mehr m\u00f6glich. Die geleistete Arbeit und die zusammengetragenen Erinnerungen werden jedoch dem Verein und dem Sport dauerhaft zugutekommen. Das Streben nach neuen Zielen und sportlichen Erfolgen sollte auch k\u00fcnftig richtungsweisend f\u00fcr die Vereinsarbeit sein.\n<\/p>\n<p style=\"text-align:justify;\">\nDie vergangenen Jahre haben gezeigt, dass der richtige Weg eingeschlagen wurde. Um dieses Ziel weiterhin zu erreichen, ist es notwendig, alle im Verein organisierten Mitglieder f\u00fcr dieses Vorhaben zu begeistern. Nur durch Teamarbeit sowie die Unterst\u00fctzung zahlreicher Sportkameradinnen und Sportkameraden und vieler Zeitzeugen, die durch Fotos, Dokumente und Zeitungsartikel zum Gelingen dieser Chronik beigetragen haben, konnte diese Vereinsgeschichte entstehen.\n<\/p>\n<div style=\"\nbackground:#f8f8f8;\nborder-left:5px solid #b40000;\npadding:25px;\nmargin:35px 0;\nborder-radius:10px;\n\"><\/p>\n<p style=\"margin-top:0;\">\nAn dieser Stelle sei es gestattet, allen Unterst\u00fctzern und Helfern f\u00fcr ihre Beitr\u00e4ge und ihr Engagement herzlich zu danken.\n<\/p>\n<p style=\"margin-bottom:0;\">\n<strong>Stellvertretend genannt seien:<\/strong><\/p>\n<p><em><br \/>\nHelmut Siebenwirth, Siegfried Freitag, Manfred Hintz, Hilde Hillmann, Gerhard G\u00f6ricke, Christian Adam<br \/>\n<\/em>\n<\/p>\n<\/div>\n<p style=\"text-align:right;margin-top:40px;\">\n<em>\u2013 Franz Proy<\/em>\n<\/p>\n<\/div>\n","protected":false},"excerpt":{"rendered":"<p>Anmerkungen des Autors Vergangenes ist es Wert, f\u00fcr die nach der Zeit Lebenden und Lesenden, das Zeugnis des Erlebten nieder zuschreiben. Denn durch das Erlebte, was der Leser dieser Chronik erf\u00e4hrt, kann das Vergangene eine Erfahrung werden. Grundvoraussetzung f\u00fcr das Entstehen der chronologischen Aufarbeitung der Vereinsgeschichte der Jahre 1920 bis heute waren neben Zielstrebigkeit und [&hellip;]<\/p>\n","protected":false},"author":1,"featured_media":0,"parent":20,"menu_order":0,"comment_status":"closed","ping_status":"closed","template":"","meta":{"site-sidebar-layout":"default","site-content-layout":"","ast-site-content-layout":"default","site-content-style":"default","site-sidebar-style":"default","ast-global-header-display":"","ast-banner-title-visibility":"","ast-main-header-display":"","ast-hfb-above-header-display":"","ast-hfb-below-header-display":"","ast-hfb-mobile-header-display":"","site-post-title":"","ast-breadcrumbs-content":"","ast-featured-img":"","footer-sml-layout":"","ast-disable-related-posts":"","theme-transparent-header-meta":"default","adv-header-id-meta":"","stick-header-meta":"","header-above-stick-meta":"","header-main-stick-meta":"","header-below-stick-meta":"","astra-migrate-meta-layouts":"set","ast-page-background-enabled":"default","ast-page-background-meta":{"desktop":{"background-color":"var(--ast-global-color-5)","background-image":"","background-repeat":"repeat","background-position":"center center","background-size":"auto","background-attachment":"scroll","background-type":"","background-media":"","overlay-type":"","overlay-color":"","overlay-opacity":"","overlay-gradient":""},"tablet":{"background-color":"","background-image":"","background-repeat":"repeat","background-position":"center center","background-size":"auto","background-attachment":"scroll","background-type":"","background-media":"","overlay-type":"","overlay-color":"","overlay-opacity":"","overlay-gradient":""},"mobile":{"background-color":"","background-image":"","background-repeat":"repeat","background-position":"center center","background-size":"auto","background-attachment":"scroll","background-type":"","background-media":"","overlay-type":"","overlay-color":"","overlay-opacity":"","overlay-gradient":""}},"ast-content-background-meta":{"desktop":{"background-color":"var(--ast-global-color-4)","background-image":"","background-repeat":"repeat","background-position":"center center","background-size":"auto","background-attachment":"scroll","background-type":"","background-media":"","overlay-type":"","overlay-color":"","overlay-opacity":"","overlay-gradient":""},"tablet":{"background-color":"var(--ast-global-color-4)","background-image":"","background-repeat":"repeat","background-position":"center center","background-size":"auto","background-attachment":"scroll","background-type":"","background-media":"","overlay-type":"","overlay-color":"","overlay-opacity":"","overlay-gradient":""},"mobile":{"background-color":"var(--ast-global-color-4)","background-image":"","background-repeat":"repeat","background-position":"center center","background-size":"auto","background-attachment":"scroll","background-type":"","background-media":"","overlay-type":"","overlay-color":"","overlay-opacity":"","overlay-gradient":""}},"footnotes":""},"class_list":["post-727","page","type-page","status-publish","hentry"],"_links":{"self":[{"href":"https:\/\/www.sv-eintracht-gransee.de\/index.php?rest_route=\/wp\/v2\/pages\/727","targetHints":{"allow":["GET"]}}],"collection":[{"href":"https:\/\/www.sv-eintracht-gransee.de\/index.php?rest_route=\/wp\/v2\/pages"}],"about":[{"href":"https:\/\/www.sv-eintracht-gransee.de\/index.php?rest_route=\/wp\/v2\/types\/page"}],"author":[{"embeddable":true,"href":"https:\/\/www.sv-eintracht-gransee.de\/index.php?rest_route=\/wp\/v2\/users\/1"}],"replies":[{"embeddable":true,"href":"https:\/\/www.sv-eintracht-gransee.de\/index.php?rest_route=%2Fwp%2Fv2%2Fcomments&post=727"}],"version-history":[{"count":8,"href":"https:\/\/www.sv-eintracht-gransee.de\/index.php?rest_route=\/wp\/v2\/pages\/727\/revisions"}],"predecessor-version":[{"id":2607,"href":"https:\/\/www.sv-eintracht-gransee.de\/index.php?rest_route=\/wp\/v2\/pages\/727\/revisions\/2607"}],"up":[{"embeddable":true,"href":"https:\/\/www.sv-eintracht-gransee.de\/index.php?rest_route=\/wp\/v2\/pages\/20"}],"wp:attachment":[{"href":"https:\/\/www.sv-eintracht-gransee.de\/index.php?rest_route=%2Fwp%2Fv2%2Fmedia&parent=727"}],"curies":[{"name":"wp","href":"https:\/\/api.w.org\/{rel}","templated":true}]}}