{"id":824,"date":"2015-12-10T16:30:36","date_gmt":"2015-12-10T14:30:36","guid":{"rendered":"http:\/\/www.sv-eintracht-gransee.de\/?page_id=824"},"modified":"2026-05-12T21:08:04","modified_gmt":"2026-05-12T19:08:04","slug":"zeittafel-1920-1950","status":"publish","type":"page","link":"https:\/\/www.sv-eintracht-gransee.de\/?page_id=824","title":{"rendered":"Zeittafel 1920 &#8211; 1950"},"content":{"rendered":"\r\n<div class=\"wp-block-group is-layout-constrained wp-block-group-is-layout-constrained\">\r\n\r\n<!-- \u00dcberschrift -->\r\n\r\n<h2 class=\"wp-block-heading has-text-align-center\">Historische Vereinschronik<\/h2>\r\n\r\n\r\n<!-- Einleitung -->\r\n\r\n<p class=\"has-text-align-center\" style=\"max-width:900px;margin:0 auto 35px auto;line-height:1.9;\">\r\nDie Geschichte des SV Eintracht Gransee ist gepr\u00e4gt von Leidenschaft, Zusammenhalt und sportlicher Entwicklung. \r\nHier finden Sie einige besondere Ereignisse aus der langen Vereinsgeschichte.\r\n<\/p>\r\n\r\n\r\n\r\n<hr class=\"wp-block-separator\"\/>\r\n\r\n\r\n<!-- 1920 -->\r\n<div style=\"background:#ffffff;padding:35px;border-radius:16px;box-shadow:0 4px 14px rgba(0,0,0,0.08);margin-bottom:35px;\">\r\n\r\n<h2 style=\"margin-top:0;color:#b40000;\">1920<\/h2>\r\n\r\n<p style=\"line-height:1.9;\">\r\n1920, pr\u00e4zise am <strong>7. September 1920<\/strong>, war f\u00fcr die Stadt Gransee ein ereignisreiches Jahr.\r\nDenn an diesem Tag wurde die Gr\u00fcndung des \r\n<strong>\u201eSportvereins Gransee\u201c<\/strong> endg\u00fcltig beschlossen.\r\n<\/p>\r\n\r\n<p style=\"line-height:1.9;\">\r\nUnter dem Namen <strong>\u201eSportverein Gransee 1920 e.V.\u201c<\/strong> traten nun fu\u00dfballbegeisterte Granseer in die \u00d6ffentlichkeit.\r\n<\/p>\r\n\r\n<p style=\"line-height:1.9;\">\r\n14 anerkannte B\u00fcrger der Stadt Gransee gaben ihren Namen als Gr\u00fcnder des Sportvereins und leisteten damit Pionierarbeit f\u00fcr das nachfolgende Vereinsgeschehen:\r\n<\/p>\r\n\r\n<div style=\"\r\nbackground:#f8f8f8;\r\npadding:22px;\r\nborder-radius:12px;\r\nline-height:2;\r\nmargin-top:20px;\r\n\">\r\n\r\n<strong>\r\nEduard Kapturek, Rudolf K\u00f6ppen, Hans Klagemann, Willi Guse, \r\nWilli S\u00fcring, Richard Schulz, Karl Lemke, Fritz Naumann, \r\nMax Fieting, Karl Becker, Fritz Trapp, Erich Zippel, \r\nWilhelm Lage und Herbert Beuster\r\n<\/strong>\r\n\r\n<\/div>\r\n\r\n<p style=\"line-height:1.9;margin-top:25px;\">\r\nAller Anfang war schwer, denn in Ermangelung eines Sportplatzes wurde der Platz am Kriegerdenkmal zu ersten Trainingszwecken genutzt.\r\n<\/p>\r\n\r\n<p style=\"line-height:1.9;\">\r\nZum ersten \u00dcbungsspiel, das bereits am <strong>12. September 1920<\/strong> stattfand, liefen die Sportkameraden der ersten Stunde in \r\n<strong>wei\u00dfem Hemd und schwarzer Hose<\/strong> auf.\r\n<\/p>\r\n\r\n<p style=\"line-height:1.9;\">\r\nDas Ergebnis dieses Spiels kann leider nicht mehr mitgeteilt werden, da hierzu keine Informationen vorliegen.\r\n<\/p>\r\n\r\n<div style=\"\r\nbackground:#b40000;\r\ncolor:white;\r\npadding:20px;\r\nborder-radius:12px;\r\nmargin-top:25px;\r\nfont-size:18px;\r\nfont-weight:600;\r\ntext-align:center;\r\n\">\r\nAus diesem Spiel entstand eine Tradition, die nun schon \u00fcber 100 Jahre anh\u00e4lt.\r\n<\/div>\r\n\r\n<\/div>\r\n\r\n<!-- 1933\/1934 -->\r\n<div style=\"background:#ffffff;padding:35px;border-radius:16px;box-shadow:0 4px 14px rgba(0,0,0,0.08);margin-bottom:35px;\">\r\n\r\n<h2 style=\"margin-top:0;color:#b40000;\">1933 \/ 1934<\/h2>\r\n\r\n<p style=\"line-height:1.9;\">\r\nAm <strong>16.10.1933<\/strong> stand in der Fu\u00dfballwoche \u00fcber das Spiel \r\n<strong>Zehdenick \u2013 Gransee<\/strong> folgendes:\r\n<\/p>\r\n\r\n<div style=\"\r\nbackground:#f8f8f8;\r\nborder-left:5px solid #b40000;\r\npadding:22px;\r\nborder-radius:10px;\r\nfont-style:italic;\r\nline-height:1.9;\r\nmargin:25px 0;\r\n\">\r\n\u201eDer zu diesem wichtigen Spiel angesetzte Schiedsrichter hat es vorgezogen nicht zu erscheinen. \r\nBeide Vereine einigten sich auf ein Gesellschaftsspiel, das aber nach 20 Minuten beendet wurde. \r\nDer beste Mann der Granseer, der Mittell\u00e4ufer Matz, erlitt einen doppelten Schienbeinbruch \r\n(ohne Verschulden eines Gegenspielers). Beim 0:0-Stande verzichtete man in Anbetracht dieses traurigen Vorfalls \r\nauf die weitere Austragung.\u201c\r\n<\/div>\r\n\r\n<p style=\"line-height:1.9;\">\r\n\u00dcber das neu angesetzte Spiel berichtete die Fachzeitung:\r\n<\/p>\r\n\r\n<div style=\"\r\nbackground:#f8f8f8;\r\npadding:18px;\r\nborder-radius:10px;\r\nfont-style:italic;\r\nfont-weight:600;\r\nmargin:20px 0;\r\n\">\r\n\u201eZehdenick \u2013 Gransee 4:1\u201c\r\n<\/div>\r\n\r\n<p style=\"line-height:1.9;\">\r\nZehdenick hatte seinen gro\u00dfen Tag. Sie zogen nach der Pause unaufhaltsam davon.\r\nNur durch einen Weitschuss des rechten L\u00e4ufers gelang den Granseern das Ehrentor.\r\n<\/p>\r\n\r\n<p style=\"line-height:1.9;\">\r\nNach Abschluss der ersten Halbserie konnte der SV Gransee \r\n<strong>8:10 Tore<\/strong> und <strong>7:5 Punkte<\/strong> verbuchen.\r\n<\/p>\r\n\r\n<p style=\"line-height:1.9;\">\r\nLaut Abschlusstabelle belegte der SV Gransee den \r\n<strong>4. Platz<\/strong> mit <strong>27:32 Toren<\/strong> und <strong>9:11 Punkten<\/strong>.\r\n<\/p>\r\n\r\n<\/div>\r\n\r\n<!-- 1949\/1950 -->\r\n<div style=\"background:#ffffff;padding:35px;border-radius:16px;box-shadow:0 4px 14px rgba(0,0,0,0.08);margin-bottom:35px;\">\r\n\r\n<h2 style=\"margin-top:0;color:#b40000;\">1949 \/ 1950<\/h2>\r\n\r\n<p style=\"line-height:1.9;\">\r\nEnde Oktober 1949 kam es mit dem Spiel der Granseer in Zehdenick \r\nzum ersten H\u00f6hepunkt der Herbstserie.\r\n<\/p>\r\n\r\n<p style=\"line-height:1.9;\">\r\nDieses Spiel ging zugunsten der Zehdenicker mit <strong>2:0 Toren<\/strong> aus.\r\nDie Zehdenicker Deckung erwies sich beim Ansturm von Pragts, Rehfeld und Co. jedoch als nervenstark, \r\nsodass den Granseern der Ehrentreffer verwehrt blieb.\r\n<\/p>\r\n\r\n<p style=\"line-height:1.9;\">\r\nNach diesem Spiel rangierte Einheit Gransee in der Punktetabelle der \r\n<strong>Bezirksklasse Brandenburg-Nord\/Ost Staffel Eberswalde<\/strong> \r\nauf dem <strong>2. Platz<\/strong> mit <strong>11:5 Punkten<\/strong>.\r\n<\/p>\r\n\r\n<div style=\"\r\nbackground:#f8f8f8;\r\npadding:22px;\r\nborder-radius:12px;\r\nline-height:1.9;\r\nmargin-top:25px;\r\n\">\r\n\r\n<p>\r\nLaut Abschlusstabelle der Spielserie 1949\/1950 belegte Einheit Gransee den:\r\n<\/p>\r\n\r\n<div style=\"\r\nbackground:#b40000;\r\ncolor:white;\r\npadding:16px;\r\nborder-radius:10px;\r\nfont-size:22px;\r\nfont-weight:700;\r\ntext-align:center;\r\nmargin:15px 0;\r\n\">\r\n1. Platz mit 33:11 Punkten\r\n<\/div>\r\n\r\n<p>\r\nIn der Spielserie 1949\/1950 spielte die SG Eintracht Gransee in der \r\n<strong>3. Liga Bezirksklasse Brandenburg Nordost Staffel A<\/strong>.\r\n<\/p>\r\n\r\n<p>\r\nDie Erstplatzierten jeder Staffel qualifizierten sich f\u00fcr die Aufstiegsrunde zur Landesliga Brandenburg.\r\n<\/p>\r\n\r\n<p>\r\nIm Endspiel um die Bezirksmeisterschaft unterlag die SG Eintracht Gransee \r\nder BSG des VEB Finkenherd mit <strong>0:6 Toren<\/strong>.\r\n<\/p>\r\n\r\n<\/div>\r\n\r\n<\/div>\r\n\r\n<\/div>\r\n","protected":false},"excerpt":{"rendered":"<p>Historische Vereinschronik Die Geschichte des SV Eintracht Gransee ist gepr\u00e4gt von Leidenschaft, Zusammenhalt und sportlicher Entwicklung. Hier finden Sie einige besondere Ereignisse aus der langen Vereinsgeschichte.<\/p>\n","protected":false},"author":1,"featured_media":0,"parent":20,"menu_order":0,"comment_status":"closed","ping_status":"closed","template":"","meta":{"site-sidebar-layout":"default","site-content-layout":"","ast-site-content-layout":"default","site-content-style":"default","site-sidebar-style":"default","ast-global-header-display":"","ast-banner-title-visibility":"","ast-main-header-display":"","ast-hfb-above-header-display":"","ast-hfb-below-header-display":"","ast-hfb-mobile-header-display":"","site-post-title":"","ast-breadcrumbs-content":"","ast-featured-img":"","footer-sml-layout":"","ast-disable-related-posts":"","theme-transparent-header-meta":"default","adv-header-id-meta":"","stick-header-meta":"","header-above-stick-meta":"","header-main-stick-meta":"","header-below-stick-meta":"","astra-migrate-meta-layouts":"set","ast-page-background-enabled":"default","ast-page-background-meta":{"desktop":{"background-color":"var(--ast-global-color-5)","background-image":"","background-repeat":"repeat","background-position":"center center","background-size":"auto","background-attachment":"scroll","background-type":"","background-media":"","overlay-type":"","overlay-color":"","overlay-opacity":"","overlay-gradient":""},"tablet":{"background-color":"","background-image":"","background-repeat":"repeat","background-position":"center center","background-size":"auto","background-attachment":"scroll","background-type":"","background-media":"","overlay-type":"","overlay-color":"","overlay-opacity":"","overlay-gradient":""},"mobile":{"background-color":"","background-image":"","background-repeat":"repeat","background-position":"center center","background-size":"auto","background-attachment":"scroll","background-type":"","background-media":"","overlay-type":"","overlay-color":"","overlay-opacity":"","overlay-gradient":""}},"ast-content-background-meta":{"desktop":{"background-color":"var(--ast-global-color-4)","background-image":"","background-repeat":"repeat","background-position":"center center","background-size":"auto","background-attachment":"scroll","background-type":"","background-media":"","overlay-type":"","overlay-color":"","overlay-opacity":"","overlay-gradient":""},"tablet":{"background-color":"var(--ast-global-color-4)","background-image":"","background-repeat":"repeat","background-position":"center center","background-size":"auto","background-attachment":"scroll","background-type":"","background-media":"","overlay-type":"","overlay-color":"","overlay-opacity":"","overlay-gradient":""},"mobile":{"background-color":"var(--ast-global-color-4)","background-image":"","background-repeat":"repeat","background-position":"center center","background-size":"auto","background-attachment":"scroll","background-type":"","background-media":"","overlay-type":"","overlay-color":"","overlay-opacity":"","overlay-gradient":""}},"footnotes":""},"class_list":["post-824","page","type-page","status-publish","hentry"],"_links":{"self":[{"href":"https:\/\/www.sv-eintracht-gransee.de\/index.php?rest_route=\/wp\/v2\/pages\/824","targetHints":{"allow":["GET"]}}],"collection":[{"href":"https:\/\/www.sv-eintracht-gransee.de\/index.php?rest_route=\/wp\/v2\/pages"}],"about":[{"href":"https:\/\/www.sv-eintracht-gransee.de\/index.php?rest_route=\/wp\/v2\/types\/page"}],"author":[{"embeddable":true,"href":"https:\/\/www.sv-eintracht-gransee.de\/index.php?rest_route=\/wp\/v2\/users\/1"}],"replies":[{"embeddable":true,"href":"https:\/\/www.sv-eintracht-gransee.de\/index.php?rest_route=%2Fwp%2Fv2%2Fcomments&post=824"}],"version-history":[{"count":4,"href":"https:\/\/www.sv-eintracht-gransee.de\/index.php?rest_route=\/wp\/v2\/pages\/824\/revisions"}],"predecessor-version":[{"id":2612,"href":"https:\/\/www.sv-eintracht-gransee.de\/index.php?rest_route=\/wp\/v2\/pages\/824\/revisions\/2612"}],"up":[{"embeddable":true,"href":"https:\/\/www.sv-eintracht-gransee.de\/index.php?rest_route=\/wp\/v2\/pages\/20"}],"wp:attachment":[{"href":"https:\/\/www.sv-eintracht-gransee.de\/index.php?rest_route=%2Fwp%2Fv2%2Fmedia&parent=824"}],"curies":[{"name":"wp","href":"https:\/\/api.w.org\/{rel}","templated":true}]}}