{"id":952,"date":"2016-05-03T12:22:39","date_gmt":"2016-05-03T10:22:39","guid":{"rendered":"http:\/\/www.sv-eintracht-gransee.de\/?page_id=952"},"modified":"2026-05-12T21:16:37","modified_gmt":"2026-05-12T19:16:37","slug":"chronik-des-sv-eintracht-gransee-e-v","status":"publish","type":"page","link":"https:\/\/www.sv-eintracht-gransee.de\/?page_id=952","title":{"rendered":"Chronik des SV Eintracht Gransee"},"content":{"rendered":"<div class=\"wp-block-group\">\n<h2 style=\"text-align:center;\">G\u00e4stebuch \u2013 Hinweise<\/h2>\n<p style=\"text-align: justify;\">\nDieses G\u00e4stebuch ist f\u00fcr sachliche Meinungen und Anregungen f\u00fcr Euch angelegt.\n<\/p>\n<p style=\"text-align: justify;\">\nUm einen Beitrag schreiben zu k\u00f6nnen, bitten wir Euch, sich auf unserer Homepage<br \/>\n(<a href=\"https:\/\/www.sv-eintracht-gransee.de\">sv-eintracht-gransee.de<\/a>) anzumelden.\n<\/p>\n<p style=\"text-align: justify;\">\nBitte habt Verst\u00e4ndnis, wenn euer Passwort nicht sofort an die angegebene E-Mail-Adresse versandt wird.<br \/>\nGibt uns dahingehend etwas Zeit zur Bearbeitung.\n<\/p>\n<p style=\"text-align: justify;\">\nAn f\u00fcr uns unseri\u00f6s erscheinende E-Mail-Adressen wird kein Passwort versandt.<br \/>\nWir bitten um euer Verst\u00e4ndnis.\n<\/p>\n<p style=\"margin-top:20px;\">\nMit freundlichen Gr\u00fc\u00dfen<br \/>\nDie \u201eEintracht\u201c\n<\/p>\n<\/div>\n","protected":false},"excerpt":{"rendered":"<p>G\u00e4stebuch \u2013 Hinweise Dieses G\u00e4stebuch ist f\u00fcr sachliche Meinungen und Anregungen f\u00fcr Euch angelegt. Um einen Beitrag schreiben zu k\u00f6nnen, bitten wir Euch, sich auf unserer Homepage (sv-eintracht-gransee.de) anzumelden. Bitte habt Verst\u00e4ndnis, wenn euer Passwort nicht sofort an die angegebene E-Mail-Adresse versandt wird. Gibt uns dahingehend etwas Zeit zur Bearbeitung. An f\u00fcr uns unseri\u00f6s erscheinende [&hellip;]<\/p>\n","protected":false},"author":1,"featured_media":0,"parent":948,"menu_order":0,"comment_status":"closed","ping_status":"closed","template":"","meta":{"site-sidebar-layout":"default","site-content-layout":"","ast-site-content-layout":"default","site-content-style":"default","site-sidebar-style":"default","ast-global-header-display":"","ast-banner-title-visibility":"","ast-main-header-display":"","ast-hfb-above-header-display":"","ast-hfb-below-header-display":"","ast-hfb-mobile-header-display":"","site-post-title":"","ast-breadcrumbs-content":"","ast-featured-img":"","footer-sml-layout":"","ast-disable-related-posts":"","theme-transparent-header-meta":"default","adv-header-id-meta":"","stick-header-meta":"","header-above-stick-meta":"","header-main-stick-meta":"","header-below-stick-meta":"","astra-migrate-meta-layouts":"set","ast-page-background-enabled":"default","ast-page-background-meta":{"desktop":{"background-color":"var(--ast-global-color-5)","background-image":"","background-repeat":"repeat","background-position":"center center","background-size":"auto","background-attachment":"scroll","background-type":"","background-media":"","overlay-type":"","overlay-color":"","overlay-opacity":"","overlay-gradient":""},"tablet":{"background-color":"","background-image":"","background-repeat":"repeat","background-position":"center center","background-size":"auto","background-attachment":"scroll","background-type":"","background-media":"","overlay-type":"","overlay-color":"","overlay-opacity":"","overlay-gradient":""},"mobile":{"background-color":"","background-image":"","background-repeat":"repeat","background-position":"center center","background-size":"auto","background-attachment":"scroll","background-type":"","background-media":"","overlay-type":"","overlay-color":"","overlay-opacity":"","overlay-gradient":""}},"ast-content-background-meta":{"desktop":{"background-color":"var(--ast-global-color-4)","background-image":"","background-repeat":"repeat","background-position":"center center","background-size":"auto","background-attachment":"scroll","background-type":"","background-media":"","overlay-type":"","overlay-color":"","overlay-opacity":"","overlay-gradient":""},"tablet":{"background-color":"var(--ast-global-color-4)","background-image":"","background-repeat":"repeat","background-position":"center center","background-size":"auto","background-attachment":"scroll","background-type":"","background-media":"","overlay-type":"","overlay-color":"","overlay-opacity":"","overlay-gradient":""},"mobile":{"background-color":"var(--ast-global-color-4)","background-image":"","background-repeat":"repeat","background-position":"center center","background-size":"auto","background-attachment":"scroll","background-type":"","background-media":"","overlay-type":"","overlay-color":"","overlay-opacity":"","overlay-gradient":""}},"footnotes":""},"class_list":["post-952","page","type-page","status-publish","hentry"],"_links":{"self":[{"href":"https:\/\/www.sv-eintracht-gransee.de\/index.php?rest_route=\/wp\/v2\/pages\/952","targetHints":{"allow":["GET"]}}],"collection":[{"href":"https:\/\/www.sv-eintracht-gransee.de\/index.php?rest_route=\/wp\/v2\/pages"}],"about":[{"href":"https:\/\/www.sv-eintracht-gransee.de\/index.php?rest_route=\/wp\/v2\/types\/page"}],"author":[{"embeddable":true,"href":"https:\/\/www.sv-eintracht-gransee.de\/index.php?rest_route=\/wp\/v2\/users\/1"}],"replies":[{"embeddable":true,"href":"https:\/\/www.sv-eintracht-gransee.de\/index.php?rest_route=%2Fwp%2Fv2%2Fcomments&post=952"}],"version-history":[{"count":3,"href":"https:\/\/www.sv-eintracht-gransee.de\/index.php?rest_route=\/wp\/v2\/pages\/952\/revisions"}],"predecessor-version":[{"id":2620,"href":"https:\/\/www.sv-eintracht-gransee.de\/index.php?rest_route=\/wp\/v2\/pages\/952\/revisions\/2620"}],"up":[{"embeddable":true,"href":"https:\/\/www.sv-eintracht-gransee.de\/index.php?rest_route=\/wp\/v2\/pages\/948"}],"wp:attachment":[{"href":"https:\/\/www.sv-eintracht-gransee.de\/index.php?rest_route=%2Fwp%2Fv2%2Fmedia&parent=952"}],"curies":[{"name":"wp","href":"https:\/\/api.w.org\/{rel}","templated":true}]}}